{"id":211,"date":"2022-06-20T08:41:55","date_gmt":"2022-06-20T06:41:55","guid":{"rendered":"http:\/\/dev.wwf.bertastrasse1.ch\/impressum\/"},"modified":"2022-06-22T14:16:37","modified_gmt":"2022-06-22T12:16:37","slug":"impressum","status":"publish","type":"page","link":"https:\/\/dev.wwf.bertastrasse1.ch\/fr\/impressum\/","title":{"rendered":"Impressum"},"content":{"rendered":"\n<h4>Exploitant du site<\/h4>\n\n\n\n<p>UMWELTALLIANZ<br>Postgasse 15 \/ CP 817<br>3000 Berne 8<br>T 031 313 34 33<br>F 031 313 34 35<br><a href=\"http:\/\/www.umweltallianz.ch\/\" target=\"_blank\" rel=\"noreferrer noopener\">www.umweltallianz.ch<\/a><br><a href=\"javascript:linkTo_UnCryptMailto('ocknvq,kphqBwoygnvcnnkcpb0ej');\">info@umweltallianz.ch<\/a><\/p>\n\n\n\n<h4>R\u00e9alisation<\/h4>\n\n\n\n<p>BERTA Kommunikation AG<br>Bertastrasse 1<br>8003 Z\u00fcrich<br><a href=\"http:\/\/www.berta-digital.ch\/\" target=\"_blank\" rel=\"noreferrer noopener\">www.berta-digital.ch<\/a><\/p>\n\n\n\n<h4>H\u00e9bergement<\/h4>\n\n\n\n<p>cyon GmbH<br>Aeschengraben 6<br>CH-4051 Basel<br><a href=\"http:\/\/www.cyon.ch\/\" target=\"_blank\" rel=\"noreferrer noopener\">www.cyon.ch<\/a><\/p>\n","protected":false},"excerpt":{"rendered":"<p>Exploitant du site UMWELTALLIANZPostgasse 15 \/ CP 8173000 Berne 8T 031 313 34 33F 031 313 34 35www.umweltallianz.chinfo@umweltallianz.ch R\u00e9alisation BERTA Kommunikation AGBertastrasse 18003 Z\u00fcrichwww.berta-digital.ch H\u00e9bergement cyon GmbHAeschengraben 6CH-4051 Baselwww.cyon.ch<\/p>\n","protected":false},"author":1,"featured_media":0,"parent":0,"menu_order":0,"comment_status":"closed","ping_status":"closed","template":"","meta":{"inline_featured_image":false},"acf":[],"yoast_head":"<!-- This site is optimized with the Yoast SEO plugin v19.1 - https:\/\/yoast.com\/wordpress\/plugins\/seo\/ -->\n<title>Impressum - les solutions de l\u2019Alliance-Environnement<\/title>\n<meta name=\"robots\" content=\"noindex, follow, max-snippet:-1, max-image-preview:large, max-video-preview:-1\" \/>\n<meta property=\"og:locale\" content=\"fr_FR\" \/>\n<meta property=\"og:type\" content=\"article\" \/>\n<meta property=\"og:title\" content=\"Impressum - les solutions de l\u2019Alliance-Environnement\" \/>\n<meta property=\"og:description\" content=\"Exploitant du site UMWELTALLIANZPostgasse 15 \/ CP 8173000 Berne 8T 031 313 34 33F 031 313 34 35www.umweltallianz.chinfo@umweltallianz.ch R\u00e9alisation BERTA Kommunikation AGBertastrasse 18003 Z\u00fcrichwww.berta-digital.ch H\u00e9bergement cyon GmbHAeschengraben 6CH-4051 Baselwww.cyon.ch\" \/>\n<meta property=\"og:url\" content=\"https:\/\/dev.wwf.bertastrasse1.ch\/fr\/impressum\/\" \/>\n<meta property=\"og:site_name\" content=\"les solutions de l\u2019Alliance-Environnement\" \/>\n<meta property=\"article:modified_time\" content=\"2022-06-22T12:16:37+00:00\" \/>\n<meta property=\"og:image\" content=\"\" \/>\n\t<meta property=\"og:image:type\" content=\"image\/png\" \/>\n<meta name=\"twitter:card\" content=\"summary_large_image\" \/>\n<meta name=\"twitter:label1\" content=\"Est. reading time\" \/>\n\t<meta name=\"twitter:data1\" content=\"1 minute\" \/>\n<script type=\"application\/ld+json\" class=\"yoast-schema-graph\">{\"@context\":\"https:\/\/schema.org\",\"@graph\":[{\"@type\":\"WebSite\",\"@id\":\"https:\/\/dev.wwf.bertastrasse1.ch\/#website\",\"url\":\"https:\/\/dev.wwf.bertastrasse1.ch\/\",\"name\":\"les solutions de l\u2019Alliance-Environnement\",\"description\":\"Eine weitere WordPress-Website\",\"potentialAction\":[{\"@type\":\"SearchAction\",\"target\":{\"@type\":\"EntryPoint\",\"urlTemplate\":\"https:\/\/dev.wwf.bertastrasse1.ch\/?s={search_term_string}\"},\"query-input\":\"required name=search_term_string\"}],\"inLanguage\":\"fr-FR\"},{\"@type\":\"WebPage\",\"@id\":\"https:\/\/dev.wwf.bertastrasse1.ch\/fr\/impressum\/#webpage\",\"url\":\"https:\/\/dev.wwf.bertastrasse1.ch\/fr\/impressum\/\",\"name\":\"Impressum - les solutions de l\u2019Alliance-Environnement\",\"isPartOf\":{\"@id\":\"https:\/\/dev.wwf.bertastrasse1.ch\/#website\"},\"datePublished\":\"2022-06-20T06:41:55+00:00\",\"dateModified\":\"2022-06-22T12:16:37+00:00\",\"breadcrumb\":{\"@id\":\"https:\/\/dev.wwf.bertastrasse1.ch\/fr\/impressum\/#breadcrumb\"},\"inLanguage\":\"fr-FR\",\"potentialAction\":[{\"@type\":\"ReadAction\",\"target\":[\"https:\/\/dev.wwf.bertastrasse1.ch\/fr\/impressum\/\"]}]},{\"@type\":\"BreadcrumbList\",\"@id\":\"https:\/\/dev.wwf.bertastrasse1.ch\/fr\/impressum\/#breadcrumb\",\"itemListElement\":[{\"@type\":\"ListItem\",\"position\":1,\"name\":\"Home\",\"item\":\"https:\/\/dev.wwf.bertastrasse1.ch\/fr\/\"},{\"@type\":\"ListItem\",\"position\":2,\"name\":\"Impressum\"}]}]}<\/script>\n<!-- \/ Yoast SEO plugin. -->","yoast_head_json":{"title":"Impressum - les solutions de l\u2019Alliance-Environnement","robots":{"index":"noindex","follow":"follow","max-snippet":"max-snippet:-1","max-image-preview":"max-image-preview:large","max-video-preview":"max-video-preview:-1"},"og_locale":"fr_FR","og_type":"article","og_title":"Impressum - les solutions de l\u2019Alliance-Environnement","og_description":"Exploitant du site UMWELTALLIANZPostgasse 15 \/ CP 8173000 Berne 8T 031 313 34 33F 031 313 34 35www.umweltallianz.chinfo@umweltallianz.ch R\u00e9alisation BERTA Kommunikation AGBertastrasse 18003 Z\u00fcrichwww.berta-digital.ch H\u00e9bergement cyon GmbHAeschengraben 6CH-4051 Baselwww.cyon.ch","og_url":"https:\/\/dev.wwf.bertastrasse1.ch\/fr\/impressum\/","og_site_name":"les solutions de l\u2019Alliance-Environnement","article_modified_time":"2022-06-22T12:16:37+00:00","og_image":[{"url":false,"type":"image\/png"}],"twitter_card":"summary_large_image","twitter_misc":{"Est. reading time":"1 minute"},"schema":{"@context":"https:\/\/schema.org","@graph":[{"@type":"WebSite","@id":"https:\/\/dev.wwf.bertastrasse1.ch\/#website","url":"https:\/\/dev.wwf.bertastrasse1.ch\/","name":"les solutions de l\u2019Alliance-Environnement","description":"Eine weitere WordPress-Website","potentialAction":[{"@type":"SearchAction","target":{"@type":"EntryPoint","urlTemplate":"https:\/\/dev.wwf.bertastrasse1.ch\/?s={search_term_string}"},"query-input":"required name=search_term_string"}],"inLanguage":"fr-FR"},{"@type":"WebPage","@id":"https:\/\/dev.wwf.bertastrasse1.ch\/fr\/impressum\/#webpage","url":"https:\/\/dev.wwf.bertastrasse1.ch\/fr\/impressum\/","name":"Impressum - les solutions de l\u2019Alliance-Environnement","isPartOf":{"@id":"https:\/\/dev.wwf.bertastrasse1.ch\/#website"},"datePublished":"2022-06-20T06:41:55+00:00","dateModified":"2022-06-22T12:16:37+00:00","breadcrumb":{"@id":"https:\/\/dev.wwf.bertastrasse1.ch\/fr\/impressum\/#breadcrumb"},"inLanguage":"fr-FR","potentialAction":[{"@type":"ReadAction","target":["https:\/\/dev.wwf.bertastrasse1.ch\/fr\/impressum\/"]}]},{"@type":"BreadcrumbList","@id":"https:\/\/dev.wwf.bertastrasse1.ch\/fr\/impressum\/#breadcrumb","itemListElement":[{"@type":"ListItem","position":1,"name":"Home","item":"https:\/\/dev.wwf.bertastrasse1.ch\/fr\/"},{"@type":"ListItem","position":2,"name":"Impressum"}]}]}},"_links":{"self":[{"href":"https:\/\/dev.wwf.bertastrasse1.ch\/fr\/wp-json\/wp\/v2\/pages\/211"}],"collection":[{"href":"https:\/\/dev.wwf.bertastrasse1.ch\/fr\/wp-json\/wp\/v2\/pages"}],"about":[{"href":"https:\/\/dev.wwf.bertastrasse1.ch\/fr\/wp-json\/wp\/v2\/types\/page"}],"author":[{"embeddable":true,"href":"https:\/\/dev.wwf.bertastrasse1.ch\/fr\/wp-json\/wp\/v2\/users\/1"}],"replies":[{"embeddable":true,"href":"https:\/\/dev.wwf.bertastrasse1.ch\/fr\/wp-json\/wp\/v2\/comments?post=211"}],"version-history":[{"count":3,"href":"https:\/\/dev.wwf.bertastrasse1.ch\/fr\/wp-json\/wp\/v2\/pages\/211\/revisions"}],"predecessor-version":[{"id":426,"href":"https:\/\/dev.wwf.bertastrasse1.ch\/fr\/wp-json\/wp\/v2\/pages\/211\/revisions\/426"}],"wp:attachment":[{"href":"https:\/\/dev.wwf.bertastrasse1.ch\/fr\/wp-json\/wp\/v2\/media?parent=211"}],"curies":[{"name":"wp","href":"https:\/\/api.w.org\/{rel}","templated":true}]}}